{"id":6,"date":"2011-06-15T12:51:20","date_gmt":"2011-06-15T09:51:20","guid":{"rendered":"http:\/\/intranet.webolution.gr:8080\/customers\/casalindos\/casalindos.com\/www\/site\/?page_id=6"},"modified":"2015-06-05T11:22:49","modified_gmt":"2015-06-05T08:22:49","slug":"lindos","status":"publish","type":"page","link":"https:\/\/www.casalindos.com\/fr\/lindos\/","title":{"rendered":"Lindos"},"content":{"rendered":"<p>Le village pittoresque de <a href=\"https:\/\/www.casalindos.com\/fr\/map\/\">Lindos <\/a>se trouve \u00e0 55 kilom\u00e8tres de la ville de Rhodes, sur la c\u00f4te est de l\u2019\u00eele. Le village traditionnel s&rsquo;\u00e9tend sur les pieds de la colline de l\u2019ancienne Acropole, qui est couronn\u00e9e d&rsquo;un temple dorique d&rsquo;Ath\u00e9na et une forteresse m\u00e9di\u00e9vale. Ruelles de galets, maisons blanches, demeures de pierre, \u00e9glises byzantines et des arcades d\u00e9cor\u00e9es menant \u00e0 des patios de galets, donnent \u00e0 Lindos son caract\u00e8re unique.<\/p>\n<h2><strong>Plages<\/strong><\/h2>\n<p>La plage de Saint-Paul, une piscine naturelle spectaculaire, entour\u00e9e de falaises rocheuses, sous l&rsquo;ancienne Acropole, est accessible \u00e0 seulement 5 minutes de marche depuis la maison.<\/p>\n<p>En dessous de la place principale du village, vous trouverez Palestre, une plage de sable avec des eaux peu profondes et s\u00e9curis\u00e9es.<\/p>\n<p>Par un court trajet en voiture depuis Lindos, vous trouverez encore plus de plages: Kalathos, avec des galets et des eaux claires et profondes ainsi que Vlycha et Pefki deux plages de sable fin qui proposent des services comme la location de transat.<\/p>\n<h2><strong>Tourisme<\/strong><\/h2>\n<p>Faites un tour d&rsquo;\u00e2ne sur la colline de l&rsquo;ancienne acropole. Au sommet de la colline se trouve le temple dorique d\u2019Ath\u00e9na, construit en 300 avant J.C., une stoa hell\u00e9nistique (200 avant J.C.), les vestiges d&rsquo;un temple romain de Diocl\u00e9tien et un bas-relief impressionnant sculpt\u00e9 \u00a0sur \u200b\u200ble rocher, \u00a0repr\u00e9sentant un navire de guerre de Rhodes.<\/p>\n<p>Les vestiges de l&rsquo;\u00e9poque m\u00e9di\u00e9vale comportent la forteresse (d\u00e9but du 14\u00e8me si\u00e8cle) et l&rsquo;\u00e9glise de St John.<\/p>\n<p>Sur le versant sud-ouest de la colline de l&rsquo;Acropole on retrouve le th\u00e9\u00e2tre antique de Lindos, avec une capacit\u00e9 de 1800 personnes.<\/p>\n<p>Vous y trouverez \u00e9galement d&rsquo;autres monuments remarquables comme l\u2019Archocrateion, une structure fun\u00e9raire hell\u00e9nistique creus\u00e9e dans la roche et le \u00ab\u00a0Tombeau de Kleovoulos\u00a0\u00bb, situ\u00e9e sur la petite \u00eele au large de la baie de Lindos.<\/p>\n<p>Enfin, ne manquez pas une visite \u00e0 la maison Lindiaine traditionnelle de la famille Papaconstantis, l&rsquo;un des monuments s\u00e9culaires les plus importants de la p\u00e9riode m\u00e9di\u00e9vale, aujourd&rsquo;hui transform\u00e9 en mus\u00e9e, ainsi qu\u2019\u00e0 l&rsquo;\u00e9glise byzantine de la Vierge Lindos (15\u00e8me si\u00e8cle).<\/p>\n<p><strong>\u00a0<\/strong><\/p>","protected":false},"excerpt":{"rendered":"<p>Le village pittoresque de Lindos se trouve \u00e0 55 kilom\u00e8tres de la ville de Rhodes, sur la c\u00f4te est de l\u2019\u00eele. Le village traditionnel s&rsquo;\u00e9tend sur les pieds de la colline de l\u2019ancienne Acropole, qui est couronn\u00e9e d&rsquo;un temple dorique d&rsquo;Ath\u00e9na et une forteresse m\u00e9di\u00e9vale. Ruelles de galets, maisons blanches, demeures de pierre, \u00e9glises byzantines [&hellip;]<\/p>\n","protected":false},"author":1,"featured_media":0,"parent":0,"menu_order":0,"comment_status":"closed","ping_status":"closed","template":"","meta":{"ngg_post_thumbnail":0},"aioseo_notices":[],"_links":{"self":[{"href":"https:\/\/www.casalindos.com\/fr\/wp-json\/wp\/v2\/pages\/6"}],"collection":[{"href":"https:\/\/www.casalindos.com\/fr\/wp-json\/wp\/v2\/pages"}],"about":[{"href":"https:\/\/www.casalindos.com\/fr\/wp-json\/wp\/v2\/types\/page"}],"author":[{"embeddable":true,"href":"https:\/\/www.casalindos.com\/fr\/wp-json\/wp\/v2\/users\/1"}],"replies":[{"embeddable":true,"href":"https:\/\/www.casalindos.com\/fr\/wp-json\/wp\/v2\/comments?post=6"}],"version-history":[{"count":0,"href":"https:\/\/www.casalindos.com\/fr\/wp-json\/wp\/v2\/pages\/6\/revisions"}],"wp:attachment":[{"href":"https:\/\/www.casalindos.com\/fr\/wp-json\/wp\/v2\/media?parent=6"}],"curies":[{"name":"wp","href":"https:\/\/api.w.org\/{rel}","templated":true}]}}