{"id":5,"date":"2011-06-15T12:51:00","date_gmt":"2011-06-15T09:51:00","guid":{"rendered":"http:\/\/intranet.webolution.gr:8080\/customers\/casalindos\/casalindos.com\/www\/site\/?page_id=5"},"modified":"2016-04-10T23:50:22","modified_gmt":"2016-04-10T20:50:22","slug":"facilities","status":"publish","type":"page","link":"https:\/\/www.casalindos.com\/fr\/facilities\/","title":{"rendered":"\u00c9quipements"},"content":{"rendered":"<p><\/p>\n<div id=\"tw-target-text-container\" class=\"tw-nfl tw-ta-container\">\n<h2 id=\"tw-target-text\" class=\"tw-data-text vk_txt tw-ta tw-text-large\" dir=\"ltr\" data-placeholder=\"\u039c\u03b5\u03c4\u03ac\u03c6\u03c1\u03b1\u03c3\u03b7\">G\u00e9n\u00e9ral<\/h2>\n<ul>\n<li>Toutes les chambres sont climatis\u00e9es.<\/li>\n<li>Connexion Internet avec Wifi<\/li>\n<li>TV<\/li>\n<li>Syst\u00e8me de sonorisation<\/li>\n<li>Cuisine enti\u00e8rement \u00e9quip\u00e9e<\/li>\n<li>Four micro-onde<\/li>\n<li>R\u00e9frig\u00e9rateur<\/li>\n<li>Cafeti\u00e8re<\/li>\n<li>S\u00e8che-cheveux<\/li>\n<li>Fer \u00e0 repasser<\/li>\n<li>Planche \u00e0 repasser<\/li>\n<li>Lit b\u00e9b\u00e9 sur demande<\/li>\n<\/ul>\n<h2 id=\"tw-target-text\" class=\"tw-data-text vk_txt tw-ta tw-text-large\" dir=\"ltr\" data-placeholder=\"\u039c\u03b5\u03c4\u03ac\u03c6\u03c1\u03b1\u03c3\u03b7\">Maisons<\/h2>\n<ul>\n<li>Four<\/li>\n<li>Machine \u00e0 laver<\/li>\n<li>Lave-vaisselle<\/li>\n<\/ul>\n<\/div>\n<p><\/p>","protected":false},"excerpt":{"rendered":"<p>G\u00e9n\u00e9ral Toutes les chambres sont climatis\u00e9es. Connexion Internet avec Wifi TV Syst\u00e8me de sonorisation Cuisine enti\u00e8rement \u00e9quip\u00e9e Four micro-onde R\u00e9frig\u00e9rateur Cafeti\u00e8re S\u00e8che-cheveux Fer \u00e0 repasser Planche \u00e0 repasser Lit b\u00e9b\u00e9 sur demande Maisons Four Machine \u00e0 laver Lave-vaisselle<\/p>\n","protected":false},"author":1,"featured_media":0,"parent":0,"menu_order":0,"comment_status":"closed","ping_status":"closed","template":"","meta":{"ngg_post_thumbnail":0},"aioseo_notices":[],"_links":{"self":[{"href":"https:\/\/www.casalindos.com\/fr\/wp-json\/wp\/v2\/pages\/5"}],"collection":[{"href":"https:\/\/www.casalindos.com\/fr\/wp-json\/wp\/v2\/pages"}],"about":[{"href":"https:\/\/www.casalindos.com\/fr\/wp-json\/wp\/v2\/types\/page"}],"author":[{"embeddable":true,"href":"https:\/\/www.casalindos.com\/fr\/wp-json\/wp\/v2\/users\/1"}],"replies":[{"embeddable":true,"href":"https:\/\/www.casalindos.com\/fr\/wp-json\/wp\/v2\/comments?post=5"}],"version-history":[{"count":0,"href":"https:\/\/www.casalindos.com\/fr\/wp-json\/wp\/v2\/pages\/5\/revisions"}],"wp:attachment":[{"href":"https:\/\/www.casalindos.com\/fr\/wp-json\/wp\/v2\/media?parent=5"}],"curies":[{"name":"wp","href":"https:\/\/api.w.org\/{rel}","templated":true}]}}