{"id":4,"date":"2011-06-15T12:38:30","date_gmt":"2011-06-15T09:38:30","guid":{"rendered":"http:\/\/intranet.webolution.gr:8080\/customers\/casalindos\/casalindos.com\/www\/site\/?page_id=4"},"modified":"2026-04-27T12:11:46","modified_gmt":"2026-04-27T09:11:46","slug":"casa","status":"publish","type":"page","link":"https:\/\/www.casalindos.com\/fr\/casa\/","title":{"rendered":"Les maisons"},"content":{"rendered":"<p><\/p>\n<h2>\u039fptions de logement<\/h2>\n<p>Situ\u00e9e aux pieds de l\u2019ancienne Acropole et \u00e0 5 minutes \u00e0 pied de la spectaculaire piscine naturelle de Saint-Paul, votre propre maison loin de chez vous, vous accueillera pour les vacances les plus confortables, relaxantes et sp\u00e9ciales que vous n\u2019ayez jamais eu!<\/p>\n<p>Maison ou appartement, modern ou traditionel c\u2019est pour vous \u00e0 decider:<\/p>\n<p><a href=\"https:\/\/www.casalindos.com\/casa-lindos-photos\/\">CasaLindos<\/a>\u00a0\u2013Maison traditionnelle &#8211; 2 chambres (jusqu\u2019\u00e0 8 personnes)<\/p>\n<p>CasaLindos FESTA\u00a0-Trois studios and un appartement (jusqu\u2019\u00e0 4 personnes)<\/p>\n<p>&nbsp;<\/p>\n<p><a href=\"https:\/\/www.casalindos.com\/al-583-di-lindos\/\">Al 583 di Lindos<\/a>\u00a0-Trois studios and un appartement (jusqu\u2019\u00e0 4 personnes)<\/p>\n<p><a href=\"https:\/\/www.casalindos.com\/casa-lindos-spitaki\/\">CasaLindos Spitaki<\/a>\u00a0&#8211;\u00a0Une maison moderne \u00a0\u2013 1 chambre (jusqu\u2019\u00e0 4 personnes)<\/p>\n<p>&nbsp;<\/p>\n<h2><strong>CasaLindos<\/strong><\/h2>\n<p><span style=\"line-height: 1.5;\">Construite \u00e0 l\u2019origine en 1876, cette maison de famille traditionnelle de deux etages, a \u00e9t\u00e9 amoureusement et soigneusement r\u00e9nov\u00e9e.\u00a0Nous avons pris un soin particulier \u00e0 pr\u00e9server ses caract\u00e9ristiques uniques, y compris les planchers de galets et le mobilier int\u00e9gr\u00e9 en bois, tout en fournissant en m\u00eame temps des \u00e9quipements modernes pour offrir un cadre confortable et un s\u00e9jour de luxe pour les familles ou les groupes jusqu\u2019\u00e0 8 personnes. La maison dispose d\u2019 une patio prive\u00e9 et d\u2019 une terrace, offrant une vue imprenable sur l\u2019ancienne Acropole. Les deux chambres offrent des matelas Coco-mat et dans le salon, le canap\u00e9 est facilement converti en un lit double et confortable. La maison dispose \u00e9galement d\u2019une cuisine enti\u00e8rement \u00e9quipp\u00e9e et d\u2019une salle de bain spacieuse ainsi qu\u2019un deuxi\u00e8me WC.Dans le salon, le canap\u00e9 est facilement converti en un lit double et confortable. Une autre chambre double est situ\u00e9e au premier \u00e9tage, avec acc\u00e8s \u00e0 une terrasse offrant une vue imprenable sur l&rsquo;ancienne Acropole.<\/span><\/p>\n<h2><strong>CasaLindos Festa<\/strong><\/h2>\n<p><span style=\"line-height: 1.5;\">Il s\u2019agit d\u2019une maison traditionnelle d\u2019 architecture typique de Lindos, r\u00e9cemment convertie en un complexe de trois studios modernes et d\u2019un appartement traditionnel. Chaque studio peut accueillir 2 personnes en posedant tous d\u2019 une salle de bain prive\u00e9 and d\u2019une petite cuisine bien \u00e9quip\u00e9e.<\/span><\/p>\n<p>La grande salle de la maison, \u00abpanga\u00bb, a \u00e9t\u00e9 convertie en un appartement traditionnel d\u2019une chambre.\u00a0 Nous avons pris un soin particulier \u00e0 pr\u00e9server ses caract\u00e9ristiques uniques y compris les planchers de galets et le mobilier int\u00e9gr\u00e9 en bois, tout en fournissant en m\u00eame temps des \u00e9quipements modernes. Le mobilier int\u00e9gr\u00e9 en bois abrite une structure traditionnelle avec deux lis doubles pour 4 personnes.<\/p>\n<p><span style=\"line-height: 1.5;\">Les studios et l\u2019 appartement partagent un patio de galets bien ensoleill\u00e9.10% reduction pour louer toute la maison.<\/span><\/p>\n<h2><strong>CasaLindos Spitaki<\/strong><\/h2>\n<p>\u00abCasaLindos SPITAKI\u00bb est une maison independante situ\u00e9e aux calmes pieds de l\u2019ancienne Acropole, fournissant des \u00e9quipements modernes pour offrir un cadre confortable et un s\u00e9jour de luxe pour 2 ou 4 personnes. La chambre unique de la maison dispose un double lit de matelas Coco-mat. Dans le salon, le canap\u00e9 est facilement converti en un lit double comfortable. La cuisine est bien renov\u00e9e et enti\u00e8rement \u00e9quip\u00e9e. La maison posede d\u2019une salle de douche spacieuse et moderne avec un WC independant. Le jardin multi-niveau peut offrir un endroit ombrag\u00e9 avec une vue incroyable tout moment de la journ\u00e9e, soit sur le village, soit sur la mer.<\/p>\n<p>Rendez-vous \u00e0 Lindos\u00a0!<\/p>","protected":false},"excerpt":{"rendered":"<p>\u039fptions de logement Situ\u00e9e aux pieds de l\u2019ancienne Acropole et \u00e0 5 minutes \u00e0 pied de la spectaculaire piscine naturelle de Saint-Paul, votre propre maison loin de chez vous, vous accueillera pour les vacances les plus confortables, relaxantes et sp\u00e9ciales que vous n\u2019ayez jamais eu! Maison ou appartement, modern ou traditionel c\u2019est pour vous \u00e0 [&hellip;]<\/p>\n","protected":false},"author":1,"featured_media":0,"parent":0,"menu_order":0,"comment_status":"closed","ping_status":"closed","template":"","meta":{"ngg_post_thumbnail":0},"aioseo_notices":[],"_links":{"self":[{"href":"https:\/\/www.casalindos.com\/fr\/wp-json\/wp\/v2\/pages\/4"}],"collection":[{"href":"https:\/\/www.casalindos.com\/fr\/wp-json\/wp\/v2\/pages"}],"about":[{"href":"https:\/\/www.casalindos.com\/fr\/wp-json\/wp\/v2\/types\/page"}],"author":[{"embeddable":true,"href":"https:\/\/www.casalindos.com\/fr\/wp-json\/wp\/v2\/users\/1"}],"replies":[{"embeddable":true,"href":"https:\/\/www.casalindos.com\/fr\/wp-json\/wp\/v2\/comments?post=4"}],"version-history":[{"count":0,"href":"https:\/\/www.casalindos.com\/fr\/wp-json\/wp\/v2\/pages\/4\/revisions"}],"wp:attachment":[{"href":"https:\/\/www.casalindos.com\/fr\/wp-json\/wp\/v2\/media?parent=4"}],"curies":[{"name":"wp","href":"https:\/\/api.w.org\/{rel}","templated":true}]}}