{"id":2,"date":"2011-06-15T09:11:45","date_gmt":"2011-06-15T09:11:45","guid":{"rendered":"http:\/\/intranet.webolution.gr:8080\/customers\/casalindos\/casalindos.com\/www\/site\/?page_id=2"},"modified":"2022-09-28T15:32:30","modified_gmt":"2022-09-28T12:32:30","slug":"home","status":"publish","type":"page","link":"https:\/\/www.casalindos.com\/fr\/","title":{"rendered":"Accueil"},"content":{"rendered":"<p><strong>CasaLindos<\/strong> vous attend, nich\u00e9e dans un lieu magique du Dod\u00e9can\u00e8se, le beau village de <strong>Lindos<\/strong>.<\/p>","protected":false},"excerpt":{"rendered":"<p>CasaLindos vous attend, nich\u00e9e dans un lieu magique du Dod\u00e9can\u00e8se, le beau village de Lindos.<\/p>\n","protected":false},"author":1,"featured_media":0,"parent":0,"menu_order":0,"comment_status":"open","ping_status":"open","template":"home.php","meta":{"ngg_post_thumbnail":0},"aioseo_notices":[],"_links":{"self":[{"href":"https:\/\/www.casalindos.com\/fr\/wp-json\/wp\/v2\/pages\/2"}],"collection":[{"href":"https:\/\/www.casalindos.com\/fr\/wp-json\/wp\/v2\/pages"}],"about":[{"href":"https:\/\/www.casalindos.com\/fr\/wp-json\/wp\/v2\/types\/page"}],"author":[{"embeddable":true,"href":"https:\/\/www.casalindos.com\/fr\/wp-json\/wp\/v2\/users\/1"}],"replies":[{"embeddable":true,"href":"https:\/\/www.casalindos.com\/fr\/wp-json\/wp\/v2\/comments?post=2"}],"version-history":[{"count":0,"href":"https:\/\/www.casalindos.com\/fr\/wp-json\/wp\/v2\/pages\/2\/revisions"}],"wp:attachment":[{"href":"https:\/\/www.casalindos.com\/fr\/wp-json\/wp\/v2\/media?parent=2"}],"curies":[{"name":"wp","href":"https:\/\/api.w.org\/{rel}","templated":true}]}}